{"id":70,"date":"2022-03-24T15:22:07","date_gmt":"2022-03-24T18:22:07","guid":{"rendered":"https:\/\/cotrasaparticipacoes.com.br\/?page_id=70"},"modified":"2024-07-11T14:06:33","modified_gmt":"2024-07-11T17:06:33","slug":"demonstrativos","status":"publish","type":"page","link":"https:\/\/cotrasaparticipacoes.com.br\/index.php\/demonstrativos\/","title":{"rendered":"Informa\u00e7\u00f5es Peri\u00f3dicas"},"content":{"rendered":"\n<div class=\"wp-block-query is-layout-flow wp-block-query-is-layout-flow\"><ul class=\"wp-block-post-template is-layout-flow wp-block-post-template-is-layout-flow\"><li class=\"wp-block-post post-312 post type-post status-publish format-standard hentry category-sem-categoria\">\n<h2 class=\"wp-block-post-title\"><a href=\"https:\/\/cotrasaparticipacoes.com.br\/index.php\/2026\/04\/15\/edital-de-convocacao-ago-2026\/\" target=\"_self\" >Edital de Convoca\u00e7\u00e3o AGO 2026<\/a><\/h2>\n\n\n\n<div class=\"wp-block-post-excerpt\"><p class=\"wp-block-post-excerpt__excerpt\"> <\/p><\/div>\n\n\n<hr class=\"wp-block-separator\"\/>\n\n\n<div class=\"wp-block-post-date\"><time datetime=\"2026-04-15T18:55:26-03:00\">15 de abril de 2026<\/time><\/div>\n<\/li><li class=\"wp-block-post post-306 post type-post status-publish format-standard hentry category-sem-categoria\">\n<h2 class=\"wp-block-post-title\"><a href=\"https:\/\/cotrasaparticipacoes.com.br\/index.php\/2026\/03\/30\/2025-demonstracoes-financeiras\/\" target=\"_self\" >2025 \u2013 Demonstra\u00e7\u00f5es Financeiras<\/a><\/h2>\n\n\n\n<div class=\"wp-block-post-excerpt\"><p class=\"wp-block-post-excerpt__excerpt\"> <\/p><\/div>\n\n\n<hr class=\"wp-block-separator\"\/>\n\n\n<div class=\"wp-block-post-date\"><time datetime=\"2026-03-30T14:21:02-03:00\">30 de mar\u00e7o de 2026<\/time><\/div>\n<\/li><li class=\"wp-block-post post-297 post type-post status-publish format-standard hentry category-sem-categoria\">\n<h2 class=\"wp-block-post-title\"><a href=\"https:\/\/cotrasaparticipacoes.com.br\/index.php\/2025\/11\/18\/assembleia-geral-extraordinaria-aval-a-cotrasa-veiculos-e-servicos-ltda-na-2a-emissao-da-nota-comercial-escritural\/\" target=\"_self\" >Assembleia Geral Extraordin\u00e1ria \u2013 Aval \u00e0 Cotrasa Ve\u00edculos e Servi\u00e7os Ltda. na 2\u00aa Emiss\u00e3o da Nota Comercial Escritural.<\/a><\/h2>\n\n\n\n<div class=\"wp-block-post-excerpt\"><p class=\"wp-block-post-excerpt__excerpt\"> <\/p><\/div>\n\n\n<hr class=\"wp-block-separator\"\/>\n\n\n<div class=\"wp-block-post-date\"><time datetime=\"2025-11-18T22:11:58-03:00\">18 de novembro de 2025<\/time><\/div>\n<\/li><\/ul><\/div>\n\n\n\n<p><\/p>\n","protected":false},"excerpt":{"rendered":"","protected":false},"author":1,"featured_media":0,"parent":0,"menu_order":0,"comment_status":"closed","ping_status":"closed","template":"","meta":{"footnotes":""},"_links":{"self":[{"href":"https:\/\/cotrasaparticipacoes.com.br\/index.php\/wp-json\/wp\/v2\/pages\/70"}],"collection":[{"href":"https:\/\/cotrasaparticipacoes.com.br\/index.php\/wp-json\/wp\/v2\/pages"}],"about":[{"href":"https:\/\/cotrasaparticipacoes.com.br\/index.php\/wp-json\/wp\/v2\/types\/page"}],"author":[{"embeddable":true,"href":"https:\/\/cotrasaparticipacoes.com.br\/index.php\/wp-json\/wp\/v2\/users\/1"}],"replies":[{"embeddable":true,"href":"https:\/\/cotrasaparticipacoes.com.br\/index.php\/wp-json\/wp\/v2\/comments?post=70"}],"version-history":[{"count":4,"href":"https:\/\/cotrasaparticipacoes.com.br\/index.php\/wp-json\/wp\/v2\/pages\/70\/revisions"}],"predecessor-version":[{"id":197,"href":"https:\/\/cotrasaparticipacoes.com.br\/index.php\/wp-json\/wp\/v2\/pages\/70\/revisions\/197"}],"wp:attachment":[{"href":"https:\/\/cotrasaparticipacoes.com.br\/index.php\/wp-json\/wp\/v2\/media?parent=70"}],"curies":[{"name":"wp","href":"https:\/\/api.w.org\/{rel}","templated":true}]}}