{"id":2,"date":"2022-03-24T11:01:24","date_gmt":"2022-03-24T14:01:24","guid":{"rendered":"https:\/\/cotrasaparticipacoes.com.br\/?page_id=2"},"modified":"2024-07-15T13:02:44","modified_gmt":"2024-07-15T16:02:44","slug":"pagina-exemplo","status":"publish","type":"page","link":"https:\/\/cotrasaparticipacoes.com.br\/index.php\/pagina-exemplo\/","title":{"rendered":"Quem Somos"},"content":{"rendered":"\n<p>A Companhia investe na Cotrasa Ve\u00edculos e Servi\u00e7os Ltda., que h\u00e1 mais de 60 anos oferece as melhores solu\u00e7\u00f5es para o seu neg\u00f3cio em caminh\u00f5es, \u00f4nibus, pe\u00e7as e servi\u00e7os. Com 7 unidades de atendimento no Paran\u00e1, somos reconhecidos pelo nosso atendimento diferenciado, incluindo orienta\u00e7\u00e3o especializada sobre a escolha dos melhores produtos para atender \u00e0s suas necessidades de maneira econ\u00f4mica e sustent\u00e1vel.<\/p>\n\n\n\n<p>Os servi\u00e7os prestados nas unidades Cotrasa proporcionam valor, confiabilidade e disponibilidade, resultando em um excelente retorno para o seu investimento. Nossos profissionais s\u00e3o altamente capacitados para garantir solu\u00e7\u00f5es que oferecem suporte, consolidam e trazem os melhores resultados para a sua empresa.<\/p>\n\n\n\n<p>Conte conosco para aumentar a rentabilidade do seu neg\u00f3cio com a m\u00e1xima economia e sustentabilidade.<\/p>\n","protected":false},"excerpt":{"rendered":"<p>A Companhia investe na Cotrasa Ve\u00edculos e Servi\u00e7os Ltda., que h\u00e1 mais de 60 anos oferece as melhores solu\u00e7\u00f5es para o seu neg\u00f3cio em caminh\u00f5es, \u00f4nibus, pe\u00e7as e servi\u00e7os. Com 7 unidades de atendimento no Paran\u00e1, somos reconhecidos pelo nosso atendimento diferenciado, incluindo orienta\u00e7\u00e3o especializada sobre a escolha dos melhores produtos para atender \u00e0s suas [&hellip;]<\/p>\n","protected":false},"author":1,"featured_media":0,"parent":0,"menu_order":0,"comment_status":"closed","ping_status":"open","template":"","meta":{"footnotes":""},"_links":{"self":[{"href":"https:\/\/cotrasaparticipacoes.com.br\/index.php\/wp-json\/wp\/v2\/pages\/2"}],"collection":[{"href":"https:\/\/cotrasaparticipacoes.com.br\/index.php\/wp-json\/wp\/v2\/pages"}],"about":[{"href":"https:\/\/cotrasaparticipacoes.com.br\/index.php\/wp-json\/wp\/v2\/types\/page"}],"author":[{"embeddable":true,"href":"https:\/\/cotrasaparticipacoes.com.br\/index.php\/wp-json\/wp\/v2\/users\/1"}],"replies":[{"embeddable":true,"href":"https:\/\/cotrasaparticipacoes.com.br\/index.php\/wp-json\/wp\/v2\/comments?post=2"}],"version-history":[{"count":9,"href":"https:\/\/cotrasaparticipacoes.com.br\/index.php\/wp-json\/wp\/v2\/pages\/2\/revisions"}],"predecessor-version":[{"id":211,"href":"https:\/\/cotrasaparticipacoes.com.br\/index.php\/wp-json\/wp\/v2\/pages\/2\/revisions\/211"}],"wp:attachment":[{"href":"https:\/\/cotrasaparticipacoes.com.br\/index.php\/wp-json\/wp\/v2\/media?parent=2"}],"curies":[{"name":"wp","href":"https:\/\/api.w.org\/{rel}","templated":true}]}}